{"id":333,"date":"2019-06-09T17:37:57","date_gmt":"2019-06-09T15:37:57","guid":{"rendered":"https:\/\/www.livres-forums-construction.fr\/wp\/?post_type=product&#038;p=333"},"modified":"2022-01-13T20:11:11","modified_gmt":"2022-01-13T19:11:11","slug":"les-evolutions-de-la-norme-electrique","status":"publish","type":"product","link":"https:\/\/www.livres-forums-construction.fr\/wp\/produit\/les-evolutions-de-la-norme-electrique\/","title":{"rendered":"Les \u00e9volutions de la norme \u00e9lectrique"},"content":{"rendered":"","protected":false},"excerpt":{"rendered":"<p>Version ebook du livre broch\u00e9 <a href=\"https:\/\/www.livres-forums-construction.fr\/wp\/2019\/05\/08\/les-evolutions-de-la-norme-electrique\/\">Les \u00e9volutions de la norme \u00e9lectrique<\/a> &#8211;<span id=\"ebooksProductTitle\" class=\"a-size-extra-large\"><\/span> <span class=\"a-size-large a-color-secondary a-text-normal\">[Print Replica] &#8211; PDF &#8211; 90 pages &#8211; Document lisible avec un lecteur PDF de type Acrobat<\/span><\/p>\n","protected":false},"featured_media":334,"comment_status":"closed","ping_status":"closed","template":"","meta":[],"product_brand":[],"product_cat":[24],"product_tag":[32],"class_list":{"0":"post-333","1":"product","2":"type-product","3":"status-publish","4":"has-post-thumbnail","6":"product_cat-electricite","7":"product_tag-ebooks","9":"first","10":"instock","11":"downloadable","12":"virtual","13":"purchasable","14":"product-type-simple"},"_links":{"self":[{"href":"https:\/\/www.livres-forums-construction.fr\/wp\/wp-json\/wp\/v2\/product\/333","targetHints":{"allow":["GET"]}}],"collection":[{"href":"https:\/\/www.livres-forums-construction.fr\/wp\/wp-json\/wp\/v2\/product"}],"about":[{"href":"https:\/\/www.livres-forums-construction.fr\/wp\/wp-json\/wp\/v2\/types\/product"}],"replies":[{"embeddable":true,"href":"https:\/\/www.livres-forums-construction.fr\/wp\/wp-json\/wp\/v2\/comments?post=333"}],"wp:featuredmedia":[{"embeddable":true,"href":"https:\/\/www.livres-forums-construction.fr\/wp\/wp-json\/wp\/v2\/media\/334"}],"wp:attachment":[{"href":"https:\/\/www.livres-forums-construction.fr\/wp\/wp-json\/wp\/v2\/media?parent=333"}],"wp:term":[{"taxonomy":"product_brand","embeddable":true,"href":"https:\/\/www.livres-forums-construction.fr\/wp\/wp-json\/wp\/v2\/product_brand?post=333"},{"taxonomy":"product_cat","embeddable":true,"href":"https:\/\/www.livres-forums-construction.fr\/wp\/wp-json\/wp\/v2\/product_cat?post=333"},{"taxonomy":"product_tag","embeddable":true,"href":"https:\/\/www.livres-forums-construction.fr\/wp\/wp-json\/wp\/v2\/product_tag?post=333"}],"curies":[{"name":"wp","href":"https:\/\/api.w.org\/{rel}","templated":true}]}}